{"id":47,"date":"2020-12-08T12:52:28","date_gmt":"2020-12-08T12:52:28","guid":{"rendered":"https:\/\/botan.33.proba-tarhely.hu\/?page_id=47"},"modified":"2020-12-09T12:35:54","modified_gmt":"2020-12-09T12:35:54","slug":"szolgaltatasaink","status":"publish","type":"page","link":"https:\/\/botanikakft.hu\/index.php\/szolgaltatasaink\/","title":{"rendered":"SZOLG\u00c1LTAT\u00c1SOK"},"content":{"rendered":"\t\t<div data-elementor-type=\"wp-page\" data-elementor-id=\"47\" class=\"elementor elementor-47\" data-elementor-settings=\"[]\">\n\t\t\t\t\t\t<div class=\"elementor-inner\">\n\t\t\t\t\t\t\t<div class=\"elementor-section-wrap\">\n\t\t\t\t\t\t\t<section class=\"elementor-section elementor-top-section elementor-element elementor-element-fa28c55 elementor-section-boxed elementor-section-height-default elementor-section-height-default\" data-id=\"fa28c55\" data-element_type=\"section\">\n\t\t\t\t\t\t<div class=\"elementor-container elementor-column-gap-default\">\n\t\t\t\t\t\t\t<div class=\"elementor-row\">\n\t\t\t\t\t<div class=\"elementor-column elementor-col-100 elementor-top-column elementor-element elementor-element-822a662\" data-id=\"822a662\" data-element_type=\"column\">\n\t\t\t<div class=\"elementor-column-wrap elementor-element-populated\">\n\t\t\t\t\t\t\t<div class=\"elementor-widget-wrap\">\n\t\t\t\t\t\t<div class=\"elementor-element elementor-element-6cc5de2 elementor-widget elementor-widget-text-editor\" data-id=\"6cc5de2\" data-element_type=\"widget\" data-widget_type=\"text-editor.default\">\n\t\t\t\t<div class=\"elementor-widget-container\">\n\t\t\t\t\t<div class=\"elementor-text-editor elementor-clearfix\"><h5><strong>GRAFIKAI TERVEZ\u00c9S \u00c9S KIVITELEZ\u00c9S<\/strong><\/h5><p>Kert\u00e9szeti term\u00e9kek csomagol\u00e1s\u00e1nak grafikai tervez\u00e9se \u00e9s kivitelez\u00e9se a szakarchivum k\u00e9p-anyag\u00e1val vagy hozott k\u00e9panyaggal.<br \/>Grafikai st\u00fadi\u00f3nk k\u00e9pzett koll\u00e9g\u00e1i a leg\u00fajabb eszk\u00f6z\u00f6kkel dolgoznak. Tapasztalatukat \u00fcgyfeleinkkel val\u00f3 sok\u00e9ves egy\u00fcttm\u0171k\u00f6d\u00e9s sor\u00e1n szerezt\u00e9k \u00e9s azt partnereink elv\u00e1r\u00e1sainak megfelel\u0151en alkalmazz\u00e1k.<\/p><p>Magyarorsz\u00e1gi nyomdai partner\u00fcnkkel k\u00f6zel 20 \u00e9ve dolgozunk egy\u00fctt. A legjobb min\u0151s\u00e9g el\u00e9r\u00e9se \u00e9rdek\u00e9ben 6-sz\u00edn nyom\u00f3 Heidelberg nyomdag\u00e9pekkel gy\u00e1rtatjuk \u00fcgyfeleink megrendel\u00e9seit.<br \/>N\u00e9met \u00e9s osztr\u00e1k nyomdapartnereink rendelkeznek vet\u0151magtasak gy\u00e1rt\u00e1sra alkalmas v\u00e1g\u00f3- \u00e9s ragaszt\u00f3g\u00e9pekkel.<\/p><\/div>\n\t\t\t\t<\/div>\n\t\t\t\t<\/div>\n\t\t\t\t\t\t<\/div>\n\t\t\t\t\t<\/div>\n\t\t<\/div>\n\t\t\t\t\t\t\t\t<\/div>\n\t\t\t\t\t<\/div>\n\t\t<\/section>\n\t\t\t\t<section class=\"elementor-section elementor-top-section elementor-element elementor-element-684783d elementor-section-boxed elementor-section-height-default elementor-section-height-default\" data-id=\"684783d\" data-element_type=\"section\">\n\t\t\t\t\t\t<div class=\"elementor-container elementor-column-gap-default\">\n\t\t\t\t\t\t\t<div class=\"elementor-row\">\n\t\t\t\t\t<div class=\"elementor-column elementor-col-100 elementor-top-column elementor-element elementor-element-d32da03\" data-id=\"d32da03\" data-element_type=\"column\">\n\t\t\t<div class=\"elementor-column-wrap elementor-element-populated\">\n\t\t\t\t\t\t\t<div class=\"elementor-widget-wrap\">\n\t\t\t\t\t\t<div class=\"elementor-element elementor-element-60d2ddb elementor-widget elementor-widget-text-editor\" data-id=\"60d2ddb\" data-element_type=\"widget\" data-widget_type=\"text-editor.default\">\n\t\t\t\t<div class=\"elementor-widget-container\">\n\t\t\t\t\t<div class=\"elementor-text-editor elementor-clearfix\"><h5>K\u00c9PANYAGOK K\u00d6LCS\u00d6NZ\u00c9SE<\/h5>\n<p>Fot\u00f3adatb\u00e1zisunk 140 000 szakfelv\u00e9telt \u2013a n\u00f6v\u00e9nyfot\u00f3k mellett kertek-, kerti munk\u00e1latok stb. k\u00e9peit\u2013, tov\u00e1bb\u00e1 szezon\u00e1lis hangulatfot\u00f3kat tartalmaz.<\/p>\n<p>Ak\u00e1r m\u00e1r most b\u00f6ng\u00e9szheti fot\u00f3k\u00f6nyvt\u00e1runkat angol \u00e9s n\u00e9met nyelven vagy a n\u00f6v\u00e9nyek latin neve alapj\u00e1n a&nbsp;<a href=\"http:\/\/www.nova.co.at\" target=\"_blank\"><b>www.nova.co.at<\/b><\/a>&nbsp;c\u00edmen. Koll\u00e9g\u00e1ink k\u00e9szs\u00e9ggel \u00e1llnak rendelkez\u00e9s\u00e9re a megfelel\u0151 k\u00e9panyag kiv\u00e1laszt\u00e1s\u00e1ban.<br>A k\u00e9phaszn\u00e1lati jogra a NOVA-PHOTO-Graphik GmbH szab\u00e1lyai vonatkoznak.<\/p>\n<p>Ig\u00e9ny eset\u00e9n fot\u00f3s koll\u00e9g\u00e1nk \u00fcgyfel\u00fcnk telephely\u00e9n, vagy holland termel\u0151kert\u00e9szet\u00fcnkben felnevelt n\u00f6v\u00e9nyekr\u0151l k\u00e9sz\u00edt szakfelv\u00e9teleket.<\/p><\/div>\n\t\t\t\t<\/div>\n\t\t\t\t<\/div>\n\t\t\t\t\t\t<\/div>\n\t\t\t\t\t<\/div>\n\t\t<\/div>\n\t\t\t\t\t\t\t\t<\/div>\n\t\t\t\t\t<\/div>\n\t\t<\/section>\n\t\t\t\t<section class=\"elementor-section elementor-top-section elementor-element elementor-element-bbd78a4 elementor-section-boxed elementor-section-height-default elementor-section-height-default\" data-id=\"bbd78a4\" data-element_type=\"section\">\n\t\t\t\t\t\t<div class=\"elementor-container elementor-column-gap-default\">\n\t\t\t\t\t\t\t<div class=\"elementor-row\">\n\t\t\t\t\t<div class=\"elementor-column elementor-col-100 elementor-top-column elementor-element elementor-element-bae9e5b\" data-id=\"bae9e5b\" data-element_type=\"column\">\n\t\t\t<div class=\"elementor-column-wrap elementor-element-populated\">\n\t\t\t\t\t\t\t<div class=\"elementor-widget-wrap\">\n\t\t\t\t\t\t<section class=\"elementor-section elementor-inner-section elementor-element elementor-element-452c5dc elementor-section-boxed elementor-section-height-default elementor-section-height-default\" data-id=\"452c5dc\" data-element_type=\"section\">\n\t\t\t\t\t\t<div class=\"elementor-container elementor-column-gap-default\">\n\t\t\t\t\t\t\t<div class=\"elementor-row\">\n\t\t\t\t\t<div class=\"elementor-column elementor-col-50 elementor-inner-column elementor-element elementor-element-cdfdb29\" data-id=\"cdfdb29\" data-element_type=\"column\">\n\t\t\t<div class=\"elementor-column-wrap elementor-element-populated\">\n\t\t\t\t\t\t\t<div class=\"elementor-widget-wrap\">\n\t\t\t\t\t\t<div class=\"elementor-element elementor-element-f2f3632 elementor-widget elementor-widget-text-editor\" data-id=\"f2f3632\" data-element_type=\"widget\" data-widget_type=\"text-editor.default\">\n\t\t\t\t<div class=\"elementor-widget-container\">\n\t\t\t\t\t<div class=\"elementor-text-editor elementor-clearfix\"><h5>KERT\u00c9SZETI SZAK\u00c9RT\u0150I T\u00c1MOGAT\u00c1S<\/h5>\nC\u00e9g\u00fcnk kert\u00e9szeti szak\u00e9rt\u0151i h\u00e1tter\u00e9nek k\u00f6sz\u00f6nhet\u0151en szaksz\u00f6veg \u00edr\u00e1ssal is seg\u00edti \u00fcgyfeleit. Sikeres \u00e9s k\u00f6zismert kiadv\u00e1nyunk a Kert\u00e9szeti Szakk\u00f6nyvek sorozat 6 k\u00f6tete, k\u00f6tetenk\u00e9nt k\u00f6zel 600 szakfelv\u00e9tellel.<\/div>\n\t\t\t\t<\/div>\n\t\t\t\t<\/div>\n\t\t\t\t\t\t<\/div>\n\t\t\t\t\t<\/div>\n\t\t<\/div>\n\t\t\t\t<div class=\"elementor-column elementor-col-50 elementor-inner-column elementor-element elementor-element-c3e5cbb\" data-id=\"c3e5cbb\" data-element_type=\"column\">\n\t\t\t<div class=\"elementor-column-wrap elementor-element-populated\">\n\t\t\t\t\t\t\t<div class=\"elementor-widget-wrap\">\n\t\t\t\t\t\t<div class=\"elementor-element elementor-element-1aa9843 elementor-widget elementor-widget-image\" data-id=\"1aa9843\" data-element_type=\"widget\" data-widget_type=\"image.default\">\n\t\t\t\t<div class=\"elementor-widget-container\">\n\t\t\t\t\t<div class=\"elementor-image\">\n\t\t\t\t\t\t\t\t\t\t<img src=\"https:\/\/botanikakft.hu\/wp-content\/uploads\/2020\/12\/Konyvek.png\" title=\"BotanikaKft_Konyvek\" alt=\"BotanikaKft_Konyvek\" \/>\t\t\t\t\t\t\t\t\t\t\t<\/div>\n\t\t\t\t<\/div>\n\t\t\t\t<\/div>\n\t\t\t\t\t\t<\/div>\n\t\t\t\t\t<\/div>\n\t\t<\/div>\n\t\t\t\t\t\t\t\t<\/div>\n\t\t\t\t\t<\/div>\n\t\t<\/section>\n\t\t\t\t<div class=\"elementor-element elementor-element-f06fade elementor-widget elementor-widget-text-editor\" data-id=\"f06fade\" data-element_type=\"widget\" data-widget_type=\"text-editor.default\">\n\t\t\t\t<div class=\"elementor-widget-container\">\n\t\t\t\t\t<div class=\"elementor-text-editor elementor-clearfix\"><\/div>\n\t\t\t\t<\/div>\n\t\t\t\t<\/div>\n\t\t\t\t\t\t<\/div>\n\t\t\t\t\t<\/div>\n\t\t<\/div>\n\t\t\t\t\t\t\t\t<\/div>\n\t\t\t\t\t<\/div>\n\t\t<\/section>\n\t\t\t\t\t\t<\/div>\n\t\t\t\t\t\t<\/div>\n\t\t\t\t\t<\/div>\n\t\t","protected":false},"excerpt":{"rendered":"<p>GRAFIKAI TERVEZ\u00c9S \u00c9S KIVITELEZ\u00c9S Kert\u00e9szeti term\u00e9kek csomagol\u00e1s\u00e1nak grafikai tervez\u00e9se \u00e9s kivitelez\u00e9se a szakarchivum k\u00e9p-anyag\u00e1val vagy hozott k\u00e9panyaggal. Grafikai st\u00fadi\u00f3nk k\u00e9pzett koll\u00e9g\u00e1i a leg\u00fajabb eszk\u00f6z\u00f6kkel dolgoznak. Tapasztalatukat \u00fcgyfeleinkkel val\u00f3 sok\u00e9ves egy\u00fcttm\u0171k\u00f6d\u00e9s sor\u00e1n szerezt\u00e9k \u00e9s azt partnereink elv\u00e1r\u00e1sainak megfelel\u0151en alkalmazz\u00e1k. Magyarorsz\u00e1gi nyomdai partner\u00fcnkkel k\u00f6zel 20 \u00e9ve dolgozunk egy\u00fctt. A legjobb min\u0151s\u00e9g el\u00e9r\u00e9se \u00e9rdek\u00e9ben 6-sz\u00edn nyom\u00f3 Heidelberg nyomdag\u00e9pekkel &hellip; <a href=\"https:\/\/botanikakft.hu\/index.php\/szolgaltatasaink\/\" class=\"more-link\">Continue reading <span class=\"screen-reader-text\">SZOLG\u00c1LTAT\u00c1SOK<\/span><\/a><\/p>\n","protected":false},"author":1,"featured_media":73,"parent":0,"menu_order":0,"comment_status":"closed","ping_status":"closed","template":"full-width-page.php","meta":[],"_links":{"self":[{"href":"https:\/\/botanikakft.hu\/index.php\/wp-json\/wp\/v2\/pages\/47"}],"collection":[{"href":"https:\/\/botanikakft.hu\/index.php\/wp-json\/wp\/v2\/pages"}],"about":[{"href":"https:\/\/botanikakft.hu\/index.php\/wp-json\/wp\/v2\/types\/page"}],"author":[{"embeddable":true,"href":"https:\/\/botanikakft.hu\/index.php\/wp-json\/wp\/v2\/users\/1"}],"replies":[{"embeddable":true,"href":"https:\/\/botanikakft.hu\/index.php\/wp-json\/wp\/v2\/comments?post=47"}],"version-history":[{"count":44,"href":"https:\/\/botanikakft.hu\/index.php\/wp-json\/wp\/v2\/pages\/47\/revisions"}],"predecessor-version":[{"id":236,"href":"https:\/\/botanikakft.hu\/index.php\/wp-json\/wp\/v2\/pages\/47\/revisions\/236"}],"wp:featuredmedia":[{"embeddable":true,"href":"https:\/\/botanikakft.hu\/index.php\/wp-json\/wp\/v2\/media\/73"}],"wp:attachment":[{"href":"https:\/\/botanikakft.hu\/index.php\/wp-json\/wp\/v2\/media?parent=47"}],"curies":[{"name":"wp","href":"https:\/\/api.w.org\/{rel}","templated":true}]}}