{"id":51,"date":"2020-12-08T12:53:17","date_gmt":"2020-12-08T12:53:17","guid":{"rendered":"https:\/\/botan.33.proba-tarhely.hu\/?page_id=51"},"modified":"2020-12-09T12:36:24","modified_gmt":"2020-12-09T12:36:24","slug":"termekeink","status":"publish","type":"page","link":"https:\/\/botanikakft.hu\/index.php\/termekeink\/","title":{"rendered":"TERM\u00c9KEK"},"content":{"rendered":"\t\t<div data-elementor-type=\"wp-page\" data-elementor-id=\"51\" class=\"elementor elementor-51\" data-elementor-settings=\"[]\">\n\t\t\t\t\t\t<div class=\"elementor-inner\">\n\t\t\t\t\t\t\t<div class=\"elementor-section-wrap\">\n\t\t\t\t\t\t\t<section class=\"elementor-section elementor-top-section elementor-element elementor-element-283bc5c elementor-section-boxed elementor-section-height-default elementor-section-height-default\" data-id=\"283bc5c\" data-element_type=\"section\">\n\t\t\t\t\t\t<div class=\"elementor-container elementor-column-gap-default\">\n\t\t\t\t\t\t\t<div class=\"elementor-row\">\n\t\t\t\t\t<div class=\"elementor-column elementor-col-100 elementor-top-column elementor-element elementor-element-5a8baeb\" data-id=\"5a8baeb\" data-element_type=\"column\">\n\t\t\t<div class=\"elementor-column-wrap elementor-element-populated\">\n\t\t\t\t\t\t\t<div class=\"elementor-widget-wrap\">\n\t\t\t\t\t\t<section class=\"elementor-section elementor-inner-section elementor-element elementor-element-f822391 elementor-section-boxed elementor-section-height-default elementor-section-height-default\" data-id=\"f822391\" data-element_type=\"section\">\n\t\t\t\t\t\t<div class=\"elementor-container elementor-column-gap-default\">\n\t\t\t\t\t\t\t<div class=\"elementor-row\">\n\t\t\t\t\t<div class=\"elementor-column elementor-col-50 elementor-inner-column elementor-element elementor-element-7ea76bb\" data-id=\"7ea76bb\" data-element_type=\"column\">\n\t\t\t<div class=\"elementor-column-wrap elementor-element-populated\">\n\t\t\t\t\t\t\t<div class=\"elementor-widget-wrap\">\n\t\t\t\t\t\t<div class=\"elementor-element elementor-element-6f30653 elementor-widget elementor-widget-text-editor\" data-id=\"6f30653\" data-element_type=\"widget\" data-widget_type=\"text-editor.default\">\n\t\t\t\t<div class=\"elementor-widget-container\">\n\t\t\t\t\t<div class=\"elementor-text-editor elementor-clearfix\"><h5>VET\u0150MAGTASAKOK<\/h5>\n<p><!-- \/wp:paragraph --><\/p>\n<p><!-- wp:paragraph --><\/p>\n<ul>\n<li>Hagyom\u00e1nyos, pap\u00edralap\u00fa tasakok ig\u00e9ny eset\u00e9n akaszt\u00f3lyukkal<\/li>\n<li>K\u00e9tr\u00e9teg\u0171 (polyethyl\u00e9n vagy aluf\u00f3lia b\u00e9l\u00e9s\u0171) tasakok<\/li>\n<\/ul>\n<p><b>A leg\u00fajabb technol\u00f3gi\u00e1kat alkalmazzuk:<\/b><\/p>\n<ul>\n<li>Offset nyomtat\u00e1s, UV lakk bevonattal<\/li>\n<li>K\u00f6rnyezetk\u00edm\u00e9l\u0151 vizesb\u00e1zis\u00fa, magasf\u00e9ny\u0171 ECO lakkoz\u00e1s<\/li>\n<\/ul>\n<p><!-- \/wp:paragraph --><\/p>\n<p><!-- wp:paragraph --><\/p>\n<p>\u00dcgyfeleink ig\u00e9nyei szerint b\u00e1rmilyen m\u00e9retben gy\u00e1rtunk vet\u0151magtasakot. Az \u00e1ltalunk leggyakrabban, kedvez\u0151 \u00e1ron gy\u00e1rtott m\u00e9retek:<br \/>80 x 145 mm, 117 x 173 mm.\u00a0<\/p><\/div>\n\t\t\t\t<\/div>\n\t\t\t\t<\/div>\n\t\t\t\t\t\t<\/div>\n\t\t\t\t\t<\/div>\n\t\t<\/div>\n\t\t\t\t<div class=\"elementor-column elementor-col-50 elementor-inner-column elementor-element elementor-element-ec3a86d\" data-id=\"ec3a86d\" data-element_type=\"column\">\n\t\t\t<div class=\"elementor-column-wrap elementor-element-populated\">\n\t\t\t\t\t\t\t<div class=\"elementor-widget-wrap\">\n\t\t\t\t\t\t<div class=\"elementor-element elementor-element-a598b3e elementor-widget elementor-widget-image\" data-id=\"a598b3e\" data-element_type=\"widget\" data-widget_type=\"image.default\">\n\t\t\t\t<div class=\"elementor-widget-container\">\n\t\t\t\t\t<div class=\"elementor-image\">\n\t\t\t\t\t\t\t\t\t\t<img src=\"https:\/\/botanikakft.hu\/wp-content\/uploads\/2020\/12\/Vetomagtasakok.png\" title=\"Vetomagtasakok\" alt=\"Vetomagtasakok\" \/>\t\t\t\t\t\t\t\t\t\t\t<\/div>\n\t\t\t\t<\/div>\n\t\t\t\t<\/div>\n\t\t\t\t\t\t<\/div>\n\t\t\t\t\t<\/div>\n\t\t<\/div>\n\t\t\t\t\t\t\t\t<\/div>\n\t\t\t\t\t<\/div>\n\t\t<\/section>\n\t\t\t\t\t\t<\/div>\n\t\t\t\t\t<\/div>\n\t\t<\/div>\n\t\t\t\t\t\t\t\t<\/div>\n\t\t\t\t\t<\/div>\n\t\t<\/section>\n\t\t\t\t<section class=\"elementor-section elementor-top-section elementor-element elementor-element-a952475 elementor-section-boxed elementor-section-height-default elementor-section-height-default\" data-id=\"a952475\" data-element_type=\"section\">\n\t\t\t\t\t\t<div class=\"elementor-container elementor-column-gap-default\">\n\t\t\t\t\t\t\t<div class=\"elementor-row\">\n\t\t\t\t\t<div class=\"elementor-column elementor-col-100 elementor-top-column elementor-element elementor-element-1b1b7fc\" data-id=\"1b1b7fc\" data-element_type=\"column\">\n\t\t\t<div class=\"elementor-column-wrap elementor-element-populated\">\n\t\t\t\t\t\t\t<div class=\"elementor-widget-wrap\">\n\t\t\t\t\t\t<section class=\"elementor-section elementor-inner-section elementor-element elementor-element-bdb5321 elementor-section-boxed elementor-section-height-default elementor-section-height-default\" data-id=\"bdb5321\" data-element_type=\"section\">\n\t\t\t\t\t\t<div class=\"elementor-container elementor-column-gap-default\">\n\t\t\t\t\t\t\t<div class=\"elementor-row\">\n\t\t\t\t\t<div class=\"elementor-column elementor-col-50 elementor-inner-column elementor-element elementor-element-73537da\" data-id=\"73537da\" data-element_type=\"column\">\n\t\t\t<div class=\"elementor-column-wrap elementor-element-populated\">\n\t\t\t\t\t\t\t<div class=\"elementor-widget-wrap\">\n\t\t\t\t\t\t<div class=\"elementor-element elementor-element-ca7d015 elementor-widget elementor-widget-image\" data-id=\"ca7d015\" data-element_type=\"widget\" data-widget_type=\"image.default\">\n\t\t\t\t<div class=\"elementor-widget-container\">\n\t\t\t\t\t<div class=\"elementor-image\">\n\t\t\t\t\t\t\t\t\t\t<img src=\"https:\/\/botanikakft.hu\/wp-content\/uploads\/2020\/12\/Csomagolasok.png\" title=\"BotanikaKft_Csomagolasok\" alt=\"BotanikaKft_Csomagolasok\" \/>\t\t\t\t\t\t\t\t\t\t\t<\/div>\n\t\t\t\t<\/div>\n\t\t\t\t<\/div>\n\t\t\t\t\t\t<\/div>\n\t\t\t\t\t<\/div>\n\t\t<\/div>\n\t\t\t\t<div class=\"elementor-column elementor-col-50 elementor-inner-column elementor-element elementor-element-50d9013\" data-id=\"50d9013\" data-element_type=\"column\">\n\t\t\t<div class=\"elementor-column-wrap elementor-element-populated\">\n\t\t\t\t\t\t\t<div class=\"elementor-widget-wrap\">\n\t\t\t\t\t\t<div class=\"elementor-element elementor-element-3506562 elementor-widget elementor-widget-text-editor\" data-id=\"3506562\" data-element_type=\"widget\" data-widget_type=\"text-editor.default\">\n\t\t\t\t<div class=\"elementor-widget-container\">\n\t\t\t\t\t<div class=\"elementor-text-editor elementor-clearfix\"><h5>CSOMAGOL\u00c1SOK \u00c9S \u00d6NTAPAD\u00d3 C\u00cdMK\u00c9K<\/h5>\n<p>K\u00fcl\u00f6nf\u00e9le pap\u00edralap\u00fa csomagol\u00f3anyagok, ig\u00e9ny szerinti m\u00e9retben \u00e9s form\u00e1ban.<br>\u00d6ntapad\u00f3 c\u00edmk\u00e9k pap\u00edr vagy m\u0171anyag alapanyagb\u00f3l, amelyek legkisebb m\u00e9retben is megragadj\u00e1k \u00fcgyfeleink \u00e9s v\u00e1s\u00e1rl\u00f3ik figyelm\u00e9t.<\/p><\/div>\n\t\t\t\t<\/div>\n\t\t\t\t<\/div>\n\t\t\t\t\t\t<\/div>\n\t\t\t\t\t<\/div>\n\t\t<\/div>\n\t\t\t\t\t\t\t\t<\/div>\n\t\t\t\t\t<\/div>\n\t\t<\/section>\n\t\t\t\t\t\t<\/div>\n\t\t\t\t\t<\/div>\n\t\t<\/div>\n\t\t\t\t\t\t\t\t<\/div>\n\t\t\t\t\t<\/div>\n\t\t<\/section>\n\t\t\t\t<section class=\"elementor-section elementor-top-section elementor-element elementor-element-824a47d elementor-section-boxed elementor-section-height-default elementor-section-height-default\" data-id=\"824a47d\" data-element_type=\"section\">\n\t\t\t\t\t\t<div class=\"elementor-container elementor-column-gap-default\">\n\t\t\t\t\t\t\t<div class=\"elementor-row\">\n\t\t\t\t\t<div class=\"elementor-column elementor-col-100 elementor-top-column elementor-element elementor-element-7611bef\" data-id=\"7611bef\" data-element_type=\"column\">\n\t\t\t<div class=\"elementor-column-wrap elementor-element-populated\">\n\t\t\t\t\t\t\t<div class=\"elementor-widget-wrap\">\n\t\t\t\t\t\t<section class=\"elementor-section elementor-inner-section elementor-element elementor-element-d701f24 elementor-section-boxed elementor-section-height-default elementor-section-height-default\" data-id=\"d701f24\" data-element_type=\"section\">\n\t\t\t\t\t\t<div class=\"elementor-container elementor-column-gap-default\">\n\t\t\t\t\t\t\t<div class=\"elementor-row\">\n\t\t\t\t\t<div class=\"elementor-column elementor-col-50 elementor-inner-column elementor-element elementor-element-a15e320\" data-id=\"a15e320\" data-element_type=\"column\">\n\t\t\t<div class=\"elementor-column-wrap elementor-element-populated\">\n\t\t\t\t\t\t\t<div class=\"elementor-widget-wrap\">\n\t\t\t\t\t\t<div class=\"elementor-element elementor-element-8976608 elementor-widget elementor-widget-text-editor\" data-id=\"8976608\" data-element_type=\"widget\" data-widget_type=\"text-editor.default\">\n\t\t\t\t<div class=\"elementor-widget-container\">\n\t\t\t\t\t<div class=\"elementor-text-editor elementor-clearfix\"><h5>L\u00d3GATHAT\u00d3 C\u00cdMK\u00c9K \u00c9S KARTONOK<\/h5>\n<p><!-- \/wp:paragraph --><!-- wp:paragraph --><\/p>\n<p>Egyedi tervez\u00e9s\u0171 \u00e9s m\u00e9ret\u0171 c\u00edmk\u00e9k \u00e9s kartonok, ig\u00e9ny eset\u00e9n akaszt\u00f3lyukkal.<\/p>\n<p><!-- \/wp:paragraph --><!-- wp:paragraph --><\/p>\n<p><b>L\u00f3gathat\u00f3 c\u00edmk\u00e9k:<\/b> F\u00fcggeszthet\u0151, sz\u00ednes, f\u00e9nyk\u00e9pes c\u00edmk\u00e9k gy\u00fcm\u00f6lcsf\u00e1k, cserj\u00e9k stb. csomagol\u00e1s\u00e1ra.<br>A pap\u00edr c\u00edmk\u00e9k \u00e9lettartama egy szezon, a m\u0171anyag alapanyag\u00faak\u00e9 ak\u00e1r <b>\u00f6t \u00e9v<\/b> is lehet.<\/p>\n<p><b>Kartonok:<\/b> Sz\u00ednes, f\u00e9nyk\u00e9pes kartonok sz\u0151l\u0151-, r\u00f3zsa-, vir\u00e1ghagyma-, vet\u0151burgonya- csomagol\u00e1s\u00e1ra<\/p>\n<p><!-- \/wp:paragraph --><!-- wp:paragraph --><\/p><\/div>\n\t\t\t\t<\/div>\n\t\t\t\t<\/div>\n\t\t\t\t\t\t<\/div>\n\t\t\t\t\t<\/div>\n\t\t<\/div>\n\t\t\t\t<div class=\"elementor-column elementor-col-50 elementor-inner-column elementor-element elementor-element-697b723\" data-id=\"697b723\" data-element_type=\"column\">\n\t\t\t<div class=\"elementor-column-wrap elementor-element-populated\">\n\t\t\t\t\t\t\t<div class=\"elementor-widget-wrap\">\n\t\t\t\t\t\t<div class=\"elementor-element elementor-element-41f5054 elementor-widget elementor-widget-image\" data-id=\"41f5054\" data-element_type=\"widget\" data-widget_type=\"image.default\">\n\t\t\t\t<div class=\"elementor-widget-container\">\n\t\t\t\t\t<div class=\"elementor-image\">\n\t\t\t\t\t\t\t\t\t\t<img src=\"https:\/\/botanikakft.hu\/wp-content\/uploads\/2020\/12\/Kartonok.png\" title=\"BotanikaKft_Kartonok\" alt=\"BotanikaKft_Kartonok\" \/>\t\t\t\t\t\t\t\t\t\t\t<\/div>\n\t\t\t\t<\/div>\n\t\t\t\t<\/div>\n\t\t\t\t\t\t<\/div>\n\t\t\t\t\t<\/div>\n\t\t<\/div>\n\t\t\t\t\t\t\t\t<\/div>\n\t\t\t\t\t<\/div>\n\t\t<\/section>\n\t\t\t\t\t\t<\/div>\n\t\t\t\t\t<\/div>\n\t\t<\/div>\n\t\t\t\t\t\t\t\t<\/div>\n\t\t\t\t\t<\/div>\n\t\t<\/section>\n\t\t\t\t<section class=\"elementor-section elementor-top-section elementor-element elementor-element-852e471 elementor-section-boxed elementor-section-height-default elementor-section-height-default\" data-id=\"852e471\" data-element_type=\"section\">\n\t\t\t\t\t\t<div class=\"elementor-container elementor-column-gap-default\">\n\t\t\t\t\t\t\t<div class=\"elementor-row\">\n\t\t\t\t\t<div class=\"elementor-column elementor-col-100 elementor-top-column elementor-element elementor-element-764a117\" data-id=\"764a117\" data-element_type=\"column\">\n\t\t\t<div class=\"elementor-column-wrap elementor-element-populated\">\n\t\t\t\t\t\t\t<div class=\"elementor-widget-wrap\">\n\t\t\t\t\t\t<section class=\"elementor-section elementor-inner-section elementor-element elementor-element-a61f88a elementor-section-boxed elementor-section-height-default elementor-section-height-default\" data-id=\"a61f88a\" data-element_type=\"section\">\n\t\t\t\t\t\t<div class=\"elementor-container elementor-column-gap-default\">\n\t\t\t\t\t\t\t<div class=\"elementor-row\">\n\t\t\t\t\t<div class=\"elementor-column elementor-col-50 elementor-inner-column elementor-element elementor-element-c62d362\" data-id=\"c62d362\" data-element_type=\"column\">\n\t\t\t<div class=\"elementor-column-wrap elementor-element-populated\">\n\t\t\t\t\t\t\t<div class=\"elementor-widget-wrap\">\n\t\t\t\t\t\t<div class=\"elementor-element elementor-element-6ad8a28 elementor-widget elementor-widget-image\" data-id=\"6ad8a28\" data-element_type=\"widget\" data-widget_type=\"image.default\">\n\t\t\t\t<div class=\"elementor-widget-container\">\n\t\t\t\t\t<div class=\"elementor-image\">\n\t\t\t\t\t\t\t\t\t\t<img src=\"https:\/\/botanikakft.hu\/wp-content\/uploads\/2020\/12\/Muanyag.png\" title=\"BotanikaKft_Muanyag_Termekek\" alt=\"BotanikaKft_Muanyag_Termekek\" \/>\t\t\t\t\t\t\t\t\t\t\t<\/div>\n\t\t\t\t<\/div>\n\t\t\t\t<\/div>\n\t\t\t\t\t\t<\/div>\n\t\t\t\t\t<\/div>\n\t\t<\/div>\n\t\t\t\t<div class=\"elementor-column elementor-col-50 elementor-inner-column elementor-element elementor-element-c758e34\" data-id=\"c758e34\" data-element_type=\"column\">\n\t\t\t<div class=\"elementor-column-wrap elementor-element-populated\">\n\t\t\t\t\t\t\t<div class=\"elementor-widget-wrap\">\n\t\t\t\t\t\t<div class=\"elementor-element elementor-element-e8bfd9d elementor-widget elementor-widget-text-editor\" data-id=\"e8bfd9d\" data-element_type=\"widget\" data-widget_type=\"text-editor.default\">\n\t\t\t\t<div class=\"elementor-widget-container\">\n\t\t\t\t\t<div class=\"elementor-text-editor elementor-clearfix\"><h5>M\u0170ANYAG TERM\u00c9KEK<\/h5>\n<ul>\n<li>Faiskolai-, gy\u00fcm\u00f6lcs-, r\u00f3zsa-, \u00e9s sz\u0151l\u0151 jelz\u0151c\u00edmk\u00e9k<\/li>\n<li>Lesz\u00farhat\u00f3 jelt\u00e1bl\u00e1k<\/li>\n<li>M\u0171anyag alapanyag\u00fa v\u00edz- \u00e9s id\u0151t\u00e1ll\u00f3 c\u00edmk\u00e9k \u00e9s t\u00e1bl\u00e1k egy\u00e9ni ig\u00e9nyek szerint<\/li>\n<\/ul><\/div>\n\t\t\t\t<\/div>\n\t\t\t\t<\/div>\n\t\t\t\t\t\t<\/div>\n\t\t\t\t\t<\/div>\n\t\t<\/div>\n\t\t\t\t\t\t\t\t<\/div>\n\t\t\t\t\t<\/div>\n\t\t<\/section>\n\t\t\t\t\t\t<\/div>\n\t\t\t\t\t<\/div>\n\t\t<\/div>\n\t\t\t\t\t\t\t\t<\/div>\n\t\t\t\t\t<\/div>\n\t\t<\/section>\n\t\t\t\t<section class=\"elementor-section elementor-top-section elementor-element elementor-element-6655438 elementor-section-boxed elementor-section-height-default elementor-section-height-default\" data-id=\"6655438\" data-element_type=\"section\">\n\t\t\t\t\t\t<div class=\"elementor-container elementor-column-gap-default\">\n\t\t\t\t\t\t\t<div class=\"elementor-row\">\n\t\t\t\t\t<div class=\"elementor-column elementor-col-100 elementor-top-column elementor-element elementor-element-4d1045d\" data-id=\"4d1045d\" data-element_type=\"column\">\n\t\t\t<div class=\"elementor-column-wrap elementor-element-populated\">\n\t\t\t\t\t\t\t<div class=\"elementor-widget-wrap\">\n\t\t\t\t\t\t<section class=\"elementor-section elementor-inner-section elementor-element elementor-element-4a5fd6c elementor-section-boxed elementor-section-height-default elementor-section-height-default\" data-id=\"4a5fd6c\" data-element_type=\"section\">\n\t\t\t\t\t\t<div class=\"elementor-container elementor-column-gap-default\">\n\t\t\t\t\t\t\t<div class=\"elementor-row\">\n\t\t\t\t\t<div class=\"elementor-column elementor-col-50 elementor-inner-column elementor-element elementor-element-615794c\" data-id=\"615794c\" data-element_type=\"column\">\n\t\t\t<div class=\"elementor-column-wrap elementor-element-populated\">\n\t\t\t\t\t\t\t<div class=\"elementor-widget-wrap\">\n\t\t\t\t\t\t<div class=\"elementor-element elementor-element-73ea70a elementor-widget elementor-widget-text-editor\" data-id=\"73ea70a\" data-element_type=\"widget\" data-widget_type=\"text-editor.default\">\n\t\t\t\t<div class=\"elementor-widget-container\">\n\t\t\t\t\t<div class=\"elementor-text-editor elementor-clearfix\"><h5>MARKETING KIADV\u00c1NYOK<\/h5>\n<ul>\n<li>Katal\u00f3gusok<\/li>\n<li>Fali- \u00e9s asztali napt\u00e1rak<\/li>\n<li>Sz\u00f3r\u00f3lapok, poszterek<\/li>\n<\/ul>\n<p>\u00dcgyfeleink egy\u00e9ni elk\u00e9pzel\u00e9seinek megval\u00f3s\u00edt\u00e1sa n\u00e9vjegyt\u0151l a molin\u00f3ig, b\u00e1rmilyen m\u00e9retben.<\/p><\/div>\n\t\t\t\t<\/div>\n\t\t\t\t<\/div>\n\t\t\t\t\t\t<\/div>\n\t\t\t\t\t<\/div>\n\t\t<\/div>\n\t\t\t\t<div class=\"elementor-column elementor-col-50 elementor-inner-column elementor-element elementor-element-43bbc0d\" data-id=\"43bbc0d\" data-element_type=\"column\">\n\t\t\t<div class=\"elementor-column-wrap elementor-element-populated\">\n\t\t\t\t\t\t\t<div class=\"elementor-widget-wrap\">\n\t\t\t\t\t\t<div class=\"elementor-element elementor-element-bc29151 elementor-widget elementor-widget-image\" data-id=\"bc29151\" data-element_type=\"widget\" data-widget_type=\"image.default\">\n\t\t\t\t<div class=\"elementor-widget-container\">\n\t\t\t\t\t<div class=\"elementor-image\">\n\t\t\t\t\t\t\t\t\t\t<img src=\"https:\/\/botanikakft.hu\/wp-content\/uploads\/2020\/12\/Marketing.png\" title=\"BotanikaKft_Marketing\" alt=\"BotanikaKft_Marketing\" \/>\t\t\t\t\t\t\t\t\t\t\t<\/div>\n\t\t\t\t<\/div>\n\t\t\t\t<\/div>\n\t\t\t\t\t\t<\/div>\n\t\t\t\t\t<\/div>\n\t\t<\/div>\n\t\t\t\t\t\t\t\t<\/div>\n\t\t\t\t\t<\/div>\n\t\t<\/section>\n\t\t\t\t\t\t<\/div>\n\t\t\t\t\t<\/div>\n\t\t<\/div>\n\t\t\t\t\t\t\t\t<\/div>\n\t\t\t\t\t<\/div>\n\t\t<\/section>\n\t\t\t\t<section class=\"elementor-section elementor-top-section elementor-element elementor-element-1daca05 elementor-section-boxed elementor-section-height-default elementor-section-height-default\" data-id=\"1daca05\" data-element_type=\"section\">\n\t\t\t\t\t\t<div class=\"elementor-container elementor-column-gap-default\">\n\t\t\t\t\t\t\t<div class=\"elementor-row\">\n\t\t\t\t\t<div class=\"elementor-column elementor-col-100 elementor-top-column elementor-element elementor-element-f2b60bf\" data-id=\"f2b60bf\" data-element_type=\"column\">\n\t\t\t<div class=\"elementor-column-wrap elementor-element-populated\">\n\t\t\t\t\t\t\t<div class=\"elementor-widget-wrap\">\n\t\t\t\t\t\t<section class=\"elementor-section elementor-inner-section elementor-element elementor-element-31f1edb elementor-section-boxed elementor-section-height-default elementor-section-height-default\" data-id=\"31f1edb\" data-element_type=\"section\">\n\t\t\t\t\t\t<div class=\"elementor-container elementor-column-gap-default\">\n\t\t\t\t\t\t\t<div class=\"elementor-row\">\n\t\t\t\t\t<div class=\"elementor-column elementor-col-50 elementor-inner-column elementor-element elementor-element-63c8ad4\" data-id=\"63c8ad4\" data-element_type=\"column\">\n\t\t\t<div class=\"elementor-column-wrap elementor-element-populated\">\n\t\t\t\t\t\t\t<div class=\"elementor-widget-wrap\">\n\t\t\t\t\t\t<div class=\"elementor-element elementor-element-d3a28b2 elementor-widget elementor-widget-image\" data-id=\"d3a28b2\" data-element_type=\"widget\" data-widget_type=\"image.default\">\n\t\t\t\t<div class=\"elementor-widget-container\">\n\t\t\t\t\t<div class=\"elementor-image\">\n\t\t\t\t\t\t\t\t\t\t<img src=\"https:\/\/botanikakft.hu\/wp-content\/uploads\/2020\/12\/Dobozok.png\" title=\"BotanikaKft_Dobozok\" alt=\"BotanikaKft_Dobozok\" \/>\t\t\t\t\t\t\t\t\t\t\t<\/div>\n\t\t\t\t<\/div>\n\t\t\t\t<\/div>\n\t\t\t\t\t\t<\/div>\n\t\t\t\t\t<\/div>\n\t\t<\/div>\n\t\t\t\t<div class=\"elementor-column elementor-col-50 elementor-inner-column elementor-element elementor-element-ed21d97\" data-id=\"ed21d97\" data-element_type=\"column\">\n\t\t\t<div class=\"elementor-column-wrap elementor-element-populated\">\n\t\t\t\t\t\t\t<div class=\"elementor-widget-wrap\">\n\t\t\t\t\t\t<div class=\"elementor-element elementor-element-a8048e4 elementor-widget elementor-widget-text-editor\" data-id=\"a8048e4\" data-element_type=\"widget\" data-widget_type=\"text-editor.default\">\n\t\t\t\t<div class=\"elementor-widget-container\">\n\t\t\t\t\t<div class=\"elementor-text-editor elementor-clearfix\"><h5>DOBOZOK \u00c9S BOROSC\u00cdMK\u00c9K<\/h5>\n<p><!-- \/wp:paragraph --><!-- wp:paragraph --><\/p>\n<p>Sz\u00ednes, f\u00e9nyk\u00e9pes dobozok vet\u0151mag-, f\u0171mag-, hagymaf\u00e9l\u00e9k- \u00e9s r\u00f3zs\u00e1k csomagol\u00e1s\u00e1hoz, \u00f6nz\u00e1r\u00f3 vagy ragasztott kivitelben, az 50 g-ost\u00f3l az 5 kg-os m\u00e9retig.<\/p>\n<p><br><b>Boros\u00fcvegc\u00edmk\u00e9k \u00e9s d\u00edszdobozok<\/b><\/p><\/div>\n\t\t\t\t<\/div>\n\t\t\t\t<\/div>\n\t\t\t\t\t\t<\/div>\n\t\t\t\t\t<\/div>\n\t\t<\/div>\n\t\t\t\t\t\t\t\t<\/div>\n\t\t\t\t\t<\/div>\n\t\t<\/section>\n\t\t\t\t\t\t<\/div>\n\t\t\t\t\t<\/div>\n\t\t<\/div>\n\t\t\t\t\t\t\t\t<\/div>\n\t\t\t\t\t<\/div>\n\t\t<\/section>\n\t\t\t\t<section class=\"elementor-section elementor-top-section elementor-element elementor-element-21e05f0f elementor-section-boxed elementor-section-height-default elementor-section-height-default\" data-id=\"21e05f0f\" data-element_type=\"section\">\n\t\t\t\t\t\t<div class=\"elementor-container elementor-column-gap-default\">\n\t\t\t\t\t\t\t<div class=\"elementor-row\">\n\t\t\t\t\t<div class=\"elementor-column elementor-col-100 elementor-top-column elementor-element elementor-element-413afd1d\" data-id=\"413afd1d\" data-element_type=\"column\">\n\t\t\t<div class=\"elementor-column-wrap elementor-element-populated\">\n\t\t\t\t\t\t\t<div class=\"elementor-widget-wrap\">\n\t\t\t\t\t\t<section class=\"elementor-section elementor-inner-section elementor-element elementor-element-5fa3b16 elementor-section-boxed elementor-section-height-default elementor-section-height-default\" data-id=\"5fa3b16\" data-element_type=\"section\">\n\t\t\t\t\t\t<div class=\"elementor-container elementor-column-gap-default\">\n\t\t\t\t\t\t\t<div class=\"elementor-row\">\n\t\t\t\t\t<div class=\"elementor-column elementor-col-50 elementor-inner-column elementor-element elementor-element-135030d\" data-id=\"135030d\" data-element_type=\"column\">\n\t\t\t<div class=\"elementor-column-wrap\">\n\t\t\t\t\t\t\t<div class=\"elementor-widget-wrap\">\n\t\t\t\t\t\t\t\t<\/div>\n\t\t\t\t\t<\/div>\n\t\t<\/div>\n\t\t\t\t<div class=\"elementor-column elementor-col-50 elementor-inner-column elementor-element elementor-element-27dfa0d\" data-id=\"27dfa0d\" data-element_type=\"column\">\n\t\t\t<div class=\"elementor-column-wrap\">\n\t\t\t\t\t\t\t<div class=\"elementor-widget-wrap\">\n\t\t\t\t\t\t\t\t<\/div>\n\t\t\t\t\t<\/div>\n\t\t<\/div>\n\t\t\t\t\t\t\t\t<\/div>\n\t\t\t\t\t<\/div>\n\t\t<\/section>\n\t\t\t\t<div class=\"elementor-element elementor-element-2f0f68b1 elementor-widget__width-inherit elementor-widget elementor-widget-text-editor\" data-id=\"2f0f68b1\" data-element_type=\"widget\" data-widget_type=\"text-editor.default\">\n\t\t\t\t<div class=\"elementor-widget-container\">\n\t\t\t\t\t<div class=\"elementor-text-editor elementor-clearfix\"><p><!-- wp:paragraph --><\/p>\n<p><!-- \/wp:paragraph --><!-- wp:paragraph --><\/p>\n<p><!-- \/wp:paragraph --><!-- wp:paragraph --><\/p>\n<p><!-- \/wp:paragraph --><!-- wp:paragraph --><\/p>\n<p>\u00a0<\/p>\n<p><!-- \/wp:paragraph --><!-- wp:paragraph --><\/p>\n<p>\u00a0<\/p>\n<p><!-- \/wp:paragraph --><\/p><\/div>\n\t\t\t\t<\/div>\n\t\t\t\t<\/div>\n\t\t\t\t\t\t<\/div>\n\t\t\t\t\t<\/div>\n\t\t<\/div>\n\t\t\t\t\t\t\t\t<\/div>\n\t\t\t\t\t<\/div>\n\t\t<\/section>\n\t\t\t\t\t\t<\/div>\n\t\t\t\t\t\t<\/div>\n\t\t\t\t\t<\/div>\n\t\t","protected":false},"excerpt":{"rendered":"<p>VET\u0150MAGTASAKOK Hagyom\u00e1nyos, pap\u00edralap\u00fa tasakok ig\u00e9ny eset\u00e9n akaszt\u00f3lyukkal K\u00e9tr\u00e9teg\u0171 (polyethyl\u00e9n vagy aluf\u00f3lia b\u00e9l\u00e9s\u0171) tasakok A leg\u00fajabb technol\u00f3gi\u00e1kat alkalmazzuk: Offset nyomtat\u00e1s, UV lakk bevonattal K\u00f6rnyezetk\u00edm\u00e9l\u0151 vizesb\u00e1zis\u00fa, magasf\u00e9ny\u0171 ECO lakkoz\u00e1s \u00dcgyfeleink ig\u00e9nyei szerint b\u00e1rmilyen m\u00e9retben gy\u00e1rtunk vet\u0151magtasakot. Az \u00e1ltalunk leggyakrabban, kedvez\u0151 \u00e1ron gy\u00e1rtott m\u00e9retek: 80 x 145 mm, 117 x 173 mm.&nbsp; CSOMAGOL\u00c1SOK \u00c9S \u00d6NTAPAD\u00d3 C\u00cdMK\u00c9K K\u00fcl\u00f6nf\u00e9le pap\u00edralap\u00fa &hellip; <a href=\"https:\/\/botanikakft.hu\/index.php\/termekeink\/\" class=\"more-link\">Continue reading <span class=\"screen-reader-text\">TERM\u00c9KEK<\/span><\/a><\/p>\n","protected":false},"author":1,"featured_media":75,"parent":0,"menu_order":0,"comment_status":"closed","ping_status":"closed","template":"full-width-page.php","meta":[],"_links":{"self":[{"href":"https:\/\/botanikakft.hu\/index.php\/wp-json\/wp\/v2\/pages\/51"}],"collection":[{"href":"https:\/\/botanikakft.hu\/index.php\/wp-json\/wp\/v2\/pages"}],"about":[{"href":"https:\/\/botanikakft.hu\/index.php\/wp-json\/wp\/v2\/types\/page"}],"author":[{"embeddable":true,"href":"https:\/\/botanikakft.hu\/index.php\/wp-json\/wp\/v2\/users\/1"}],"replies":[{"embeddable":true,"href":"https:\/\/botanikakft.hu\/index.php\/wp-json\/wp\/v2\/comments?post=51"}],"version-history":[{"count":59,"href":"https:\/\/botanikakft.hu\/index.php\/wp-json\/wp\/v2\/pages\/51\/revisions"}],"predecessor-version":[{"id":237,"href":"https:\/\/botanikakft.hu\/index.php\/wp-json\/wp\/v2\/pages\/51\/revisions\/237"}],"wp:featuredmedia":[{"embeddable":true,"href":"https:\/\/botanikakft.hu\/index.php\/wp-json\/wp\/v2\/media\/75"}],"wp:attachment":[{"href":"https:\/\/botanikakft.hu\/index.php\/wp-json\/wp\/v2\/media?parent=51"}],"curies":[{"name":"wp","href":"https:\/\/api.w.org\/{rel}","templated":true}]}}