{"id":54,"date":"2020-12-08T12:53:50","date_gmt":"2020-12-08T12:53:50","guid":{"rendered":"https:\/\/botan.33.proba-tarhely.hu\/?page_id=54"},"modified":"2020-12-09T12:35:20","modified_gmt":"2020-12-09T12:35:20","slug":"referenciak","status":"publish","type":"page","link":"https:\/\/botanikakft.hu\/index.php\/referenciak\/","title":{"rendered":"REFERENCI\u00c1K"},"content":{"rendered":"\t\t<div data-elementor-type=\"wp-page\" data-elementor-id=\"54\" class=\"elementor elementor-54\" data-elementor-settings=\"[]\">\n\t\t\t\t\t\t<div class=\"elementor-inner\">\n\t\t\t\t\t\t\t<div class=\"elementor-section-wrap\">\n\t\t\t\t\t\t\t<section class=\"elementor-section elementor-top-section elementor-element elementor-element-27914b75 elementor-section-boxed elementor-section-height-default elementor-section-height-default\" data-id=\"27914b75\" data-element_type=\"section\">\n\t\t\t\t\t\t<div class=\"elementor-container elementor-column-gap-default\">\n\t\t\t\t\t\t\t<div class=\"elementor-row\">\n\t\t\t\t\t<div class=\"elementor-column elementor-col-100 elementor-top-column elementor-element elementor-element-32a283cd\" data-id=\"32a283cd\" data-element_type=\"column\">\n\t\t\t<div class=\"elementor-column-wrap elementor-element-populated\">\n\t\t\t\t\t\t\t<div class=\"elementor-widget-wrap\">\n\t\t\t\t\t\t<div class=\"elementor-element elementor-element-4eeca29f elementor-widget elementor-widget-text-editor\" data-id=\"4eeca29f\" data-element_type=\"widget\" data-widget_type=\"text-editor.default\">\n\t\t\t\t<div class=\"elementor-widget-container\">\n\t\t\t\t\t<div class=\"elementor-text-editor elementor-clearfix\"><h5>\u00c1RUH\u00c1ZL\u00c1NCOK<\/h5><ul>\n<li>Bricostore<\/li>\n<li>OBI<\/li>\n<\/ul>\n<h5>BOR\u00c1SZATOK<\/h5>\n<ul>\n<li>Wunderlich Pinc\u00e9szet &#8211; www.wunderlich.hu<\/li>\n<\/ul>\n<h5>D\u00cdSZN\u00d6V\u00c9NY TERMESZT\u0150K- \u00c9S FORGALMAZ\u00d3K<\/h5>\n<ul>\n<li>Bata Andr\u00e1s &#8211; www.bata-faiskola.hu<\/li>\n<li>Domonkos D\u00edszfaiskola &#8211; www.rosegarden.hu<\/li>\n<li>Kocsis S. Andr\u00e1s &#8211; www.kocsisflorakft.hu<\/li>\n<li>Oxalis-seed Kft. &#8211; www.oxalis-seed.hu<\/li>\n<\/ul>\n<h5>KIAD\u00d3K<\/h5>\n<ul>\n<li>Kalendart &#8211; www.kalendart.hu<\/li>\n<\/ul>\n<h5><strong>VIR\u00c1GHAGYMA- \u00c9S SZAPOR\u00cdT\u00d3ANYAG FORGALMAZ\u00d3K<\/strong><\/h5>\n<ul>\n<li>SC Sem-Luca Srl, Rom\u00e1nia (vir\u00e1ghagyma, sz\u0151l\u0151oltv\u00e1ny, r\u00f3zsa) &#8211; www.sem-luca.ro<\/li>\n<li>SC Yurta Prod Srl, Rom\u00e1nia (sz\u0151l\u0151oltv\u00e1ny, d\u00edszcserje, r\u00f3zsa) &#8211; www.yurta.ro<\/li>\n<li>Spalax Kft (vir\u00e1ghagyma) &#8211; www.spalax.hu<\/li>\n<\/ul>\n<h5>VET\u0150MAG FORGALMAZ\u00d3K<\/h5>\n<ul>\n<li>R\u00e9dei Kertimag Rt. &#8211; www.kertimag.hu<\/li>\n<\/ul><\/div>\n\t\t\t\t<\/div>\n\t\t\t\t<\/div>\n\t\t\t\t\t\t<\/div>\n\t\t\t\t\t<\/div>\n\t\t<\/div>\n\t\t\t\t\t\t\t\t<\/div>\n\t\t\t\t\t<\/div>\n\t\t<\/section>\n\t\t\t\t\t\t<\/div>\n\t\t\t\t\t\t<\/div>\n\t\t\t\t\t<\/div>\n\t\t","protected":false},"excerpt":{"rendered":"<p>\u00c1RUH\u00c1ZL\u00c1NCOK Bricostore OBI BOR\u00c1SZATOK Wunderlich Pinc\u00e9szet &#8211; www.wunderlich.hu D\u00cdSZN\u00d6V\u00c9NY TERMESZT\u0150K- \u00c9S FORGALMAZ\u00d3K Bata Andr\u00e1s &#8211; www.bata-faiskola.hu Domonkos D\u00edszfaiskola &#8211; www.rosegarden.hu Kocsis S. Andr\u00e1s &#8211; www.kocsisflorakft.hu Oxalis-seed Kft. &#8211; www.oxalis-seed.hu KIAD\u00d3K Kalendart &#8211; www.kalendart.hu VIR\u00c1GHAGYMA- \u00c9S SZAPOR\u00cdT\u00d3ANYAG FORGALMAZ\u00d3K SC Sem-Luca Srl, Rom\u00e1nia (vir\u00e1ghagyma, sz\u0151l\u0151oltv\u00e1ny, r\u00f3zsa) &#8211; www.sem-luca.ro SC Yurta Prod Srl, Rom\u00e1nia (sz\u0151l\u0151oltv\u00e1ny, d\u00edszcserje, r\u00f3zsa) &#8211; &hellip; <a href=\"https:\/\/botanikakft.hu\/index.php\/referenciak\/\" class=\"more-link\">Continue reading <span class=\"screen-reader-text\">REFERENCI\u00c1K<\/span><\/a><\/p>\n","protected":false},"author":1,"featured_media":110,"parent":0,"menu_order":0,"comment_status":"closed","ping_status":"closed","template":"full-width-page.php","meta":[],"_links":{"self":[{"href":"https:\/\/botanikakft.hu\/index.php\/wp-json\/wp\/v2\/pages\/54"}],"collection":[{"href":"https:\/\/botanikakft.hu\/index.php\/wp-json\/wp\/v2\/pages"}],"about":[{"href":"https:\/\/botanikakft.hu\/index.php\/wp-json\/wp\/v2\/types\/page"}],"author":[{"embeddable":true,"href":"https:\/\/botanikakft.hu\/index.php\/wp-json\/wp\/v2\/users\/1"}],"replies":[{"embeddable":true,"href":"https:\/\/botanikakft.hu\/index.php\/wp-json\/wp\/v2\/comments?post=54"}],"version-history":[{"count":43,"href":"https:\/\/botanikakft.hu\/index.php\/wp-json\/wp\/v2\/pages\/54\/revisions"}],"predecessor-version":[{"id":235,"href":"https:\/\/botanikakft.hu\/index.php\/wp-json\/wp\/v2\/pages\/54\/revisions\/235"}],"wp:featuredmedia":[{"embeddable":true,"href":"https:\/\/botanikakft.hu\/index.php\/wp-json\/wp\/v2\/media\/110"}],"wp:attachment":[{"href":"https:\/\/botanikakft.hu\/index.php\/wp-json\/wp\/v2\/media?parent=54"}],"curies":[{"name":"wp","href":"https:\/\/api.w.org\/{rel}","templated":true}]}}