{"id":8,"date":"2020-12-08T12:20:58","date_gmt":"2020-12-08T12:20:58","guid":{"rendered":"https:\/\/botan.33.proba-tarhely.hu\/?page_id=8"},"modified":"2020-12-08T15:46:39","modified_gmt":"2020-12-08T15:46:39","slug":"botanikakft","status":"publish","type":"page","link":"https:\/\/botanikakft.hu\/","title":{"rendered":"Botanika Kft."},"content":{"rendered":"\t\t<div data-elementor-type=\"wp-page\" data-elementor-id=\"8\" class=\"elementor elementor-8\" data-elementor-settings=\"[]\">\n\t\t\t\t\t\t<div class=\"elementor-inner\">\n\t\t\t\t\t\t\t<div class=\"elementor-section-wrap\">\n\t\t\t\t\t\t\t<section class=\"elementor-section elementor-top-section elementor-element elementor-element-6d0a7055 elementor-section-boxed elementor-section-height-default elementor-section-height-default\" data-id=\"6d0a7055\" data-element_type=\"section\">\n\t\t\t\t\t\t<div class=\"elementor-container elementor-column-gap-default\">\n\t\t\t\t\t\t\t<div class=\"elementor-row\">\n\t\t\t\t\t<div class=\"elementor-column elementor-col-100 elementor-top-column elementor-element elementor-element-199bda44\" data-id=\"199bda44\" data-element_type=\"column\">\n\t\t\t<div class=\"elementor-column-wrap elementor-element-populated\">\n\t\t\t\t\t\t\t<div class=\"elementor-widget-wrap\">\n\t\t\t\t\t\t<div class=\"elementor-element elementor-element-31aa3a3 elementor-widget elementor-widget-text-editor\" data-id=\"31aa3a3\" data-element_type=\"widget\" data-widget_type=\"text-editor.default\">\n\t\t\t\t<div class=\"elementor-widget-container\">\n\t\t\t\t\t<div class=\"elementor-text-editor elementor-clearfix\"><!-- wp:paragraph -->\n<p>A Botanika Rekl\u00e1m \u00e9s Kiad\u00f3i Kft.-t 1990-ben osztr\u00e1k \u00e9s magyar\u00a0 tulajdonosok hozt\u00e1k l\u00e9tre.<br \/>Az osztr\u00e1k tulajdonos, a vil\u00e1g egyik legnagyobb kert\u00e9szeti t\u00e9m\u00e1j\u00fa\u00a0 fot\u00f3k\u00f6nyvt\u00e1r\u00e1val rendelkez\u0151, a kiv\u00e1l\u00f3 min\u0151s\u00e9g\u0171, szakmailag helyes felv\u00e9telek k\u00f6lcs\u00f6nz\u00e9s\u00e9re is szakosodott NOVA-PHOTO-Graphik GmbH.<\/p>\n<!-- \/wp:paragraph --><\/div>\n\t\t\t\t<\/div>\n\t\t\t\t<\/div>\n\t\t\t\t\t\t<\/div>\n\t\t\t\t\t<\/div>\n\t\t<\/div>\n\t\t\t\t\t\t\t\t<\/div>\n\t\t\t\t\t<\/div>\n\t\t<\/section>\n\t\t\t\t\t\t<\/div>\n\t\t\t\t\t\t<\/div>\n\t\t\t\t\t<\/div>\n\t\t","protected":false},"excerpt":{"rendered":"<p>A Botanika Rekl\u00e1m \u00e9s Kiad\u00f3i Kft.-t 1990-ben osztr\u00e1k \u00e9s magyar&nbsp; tulajdonosok hozt\u00e1k l\u00e9tre.Az osztr\u00e1k tulajdonos, a vil\u00e1g egyik legnagyobb kert\u00e9szeti t\u00e9m\u00e1j\u00fa&nbsp; fot\u00f3k\u00f6nyvt\u00e1r\u00e1val rendelkez\u0151, a kiv\u00e1l\u00f3 min\u0151s\u00e9g\u0171, szakmailag helyes felv\u00e9telek k\u00f6lcs\u00f6nz\u00e9s\u00e9re is szakosodott NOVA-PHOTO-Graphik GmbH.<\/p>\n","protected":false},"author":1,"featured_media":41,"parent":0,"menu_order":0,"comment_status":"closed","ping_status":"closed","template":"full-width-page.php","meta":[],"_links":{"self":[{"href":"https:\/\/botanikakft.hu\/index.php\/wp-json\/wp\/v2\/pages\/8"}],"collection":[{"href":"https:\/\/botanikakft.hu\/index.php\/wp-json\/wp\/v2\/pages"}],"about":[{"href":"https:\/\/botanikakft.hu\/index.php\/wp-json\/wp\/v2\/types\/page"}],"author":[{"embeddable":true,"href":"https:\/\/botanikakft.hu\/index.php\/wp-json\/wp\/v2\/users\/1"}],"replies":[{"embeddable":true,"href":"https:\/\/botanikakft.hu\/index.php\/wp-json\/wp\/v2\/comments?post=8"}],"version-history":[{"count":6,"href":"https:\/\/botanikakft.hu\/index.php\/wp-json\/wp\/v2\/pages\/8\/revisions"}],"predecessor-version":[{"id":46,"href":"https:\/\/botanikakft.hu\/index.php\/wp-json\/wp\/v2\/pages\/8\/revisions\/46"}],"wp:featuredmedia":[{"embeddable":true,"href":"https:\/\/botanikakft.hu\/index.php\/wp-json\/wp\/v2\/media\/41"}],"wp:attachment":[{"href":"https:\/\/botanikakft.hu\/index.php\/wp-json\/wp\/v2\/media?parent=8"}],"curies":[{"name":"wp","href":"https:\/\/api.w.org\/{rel}","templated":true}]}}