{"id":9,"date":"2020-12-08T12:20:58","date_gmt":"2020-12-08T12:20:58","guid":{"rendered":"https:\/\/botan.33.proba-tarhely.hu\/?page_id=9"},"modified":"2021-12-16T17:53:38","modified_gmt":"2021-12-16T17:53:38","slug":"kapcsolat","status":"publish","type":"page","link":"https:\/\/botanikakft.hu\/index.php\/kapcsolat\/","title":{"rendered":"KAPCSOLAT"},"content":{"rendered":"\t\t<div data-elementor-type=\"wp-page\" data-elementor-id=\"9\" class=\"elementor elementor-9\" data-elementor-settings=\"[]\">\n\t\t\t\t\t\t<div class=\"elementor-inner\">\n\t\t\t\t\t\t\t<div class=\"elementor-section-wrap\">\n\t\t\t\t\t\t\t<section class=\"elementor-section elementor-top-section elementor-element elementor-element-30181c34 elementor-section-boxed elementor-section-height-default elementor-section-height-default\" data-id=\"30181c34\" data-element_type=\"section\">\n\t\t\t\t\t\t<div class=\"elementor-container elementor-column-gap-default\">\n\t\t\t\t\t\t\t<div class=\"elementor-row\">\n\t\t\t\t\t<div class=\"elementor-column elementor-col-100 elementor-top-column elementor-element elementor-element-176f8e66\" data-id=\"176f8e66\" data-element_type=\"column\">\n\t\t\t<div class=\"elementor-column-wrap elementor-element-populated\">\n\t\t\t\t\t\t\t<div class=\"elementor-widget-wrap\">\n\t\t\t\t\t\t<div class=\"elementor-element elementor-element-61147a1 elementor-widget elementor-widget-text-editor\" data-id=\"61147a1\" data-element_type=\"widget\" data-widget_type=\"text-editor.default\">\n\t\t\t\t<div class=\"elementor-widget-container\">\n\t\t\t\t\t<div class=\"elementor-text-editor elementor-clearfix\"><p>tel.: +36-(30)-756-9293<br>tel.: +36-(26)-580-310<br>e-mail: <strong><a href=\"mailto:botanika@t-online.hu\">botanika@botanikakft.hu<\/a><\/strong><br>c\u00edm: Le\u00e1nyfalu, Kil\u00e1t\u00f3k \u00fatja 12., 2016 &#8211; Hungary<\/p>\n<p>ad\u00f3sz\u00e1m:&nbsp;10404443-2-13<br>c\u00e9gjegyz\u00e9ksz\u00e1m: 13 09 122165<br><strong>Botanika Rekl\u00e1m \u00e9s Kiad\u00f3i Kft.<\/strong><\/p><\/div>\n\t\t\t\t<\/div>\n\t\t\t\t<\/div>\n\t\t\t\t\t\t<\/div>\n\t\t\t\t\t<\/div>\n\t\t<\/div>\n\t\t\t\t\t\t\t\t<\/div>\n\t\t\t\t\t<\/div>\n\t\t<\/section>\n\t\t\t\t\t\t<\/div>\n\t\t\t\t\t\t<\/div>\n\t\t\t\t\t<\/div>\n\t\t","protected":false},"excerpt":{"rendered":"<p>tel.: +36-(30)-756-9293tel.: +36-(26)-580-310e-mail: botanika@botanikakft.huc\u00edm: Le\u00e1nyfalu, Kil\u00e1t\u00f3k \u00fatja 12., 2016 &#8211; Hungary ad\u00f3sz\u00e1m:&nbsp;10404443-2-13c\u00e9gjegyz\u00e9ksz\u00e1m: 13 09 122165Botanika Rekl\u00e1m \u00e9s Kiad\u00f3i Kft.<\/p>\n","protected":false},"author":1,"featured_media":112,"parent":0,"menu_order":0,"comment_status":"closed","ping_status":"closed","template":"","meta":[],"_links":{"self":[{"href":"https:\/\/botanikakft.hu\/index.php\/wp-json\/wp\/v2\/pages\/9"}],"collection":[{"href":"https:\/\/botanikakft.hu\/index.php\/wp-json\/wp\/v2\/pages"}],"about":[{"href":"https:\/\/botanikakft.hu\/index.php\/wp-json\/wp\/v2\/types\/page"}],"author":[{"embeddable":true,"href":"https:\/\/botanikakft.hu\/index.php\/wp-json\/wp\/v2\/users\/1"}],"replies":[{"embeddable":true,"href":"https:\/\/botanikakft.hu\/index.php\/wp-json\/wp\/v2\/comments?post=9"}],"version-history":[{"count":45,"href":"https:\/\/botanikakft.hu\/index.php\/wp-json\/wp\/v2\/pages\/9\/revisions"}],"predecessor-version":[{"id":267,"href":"https:\/\/botanikakft.hu\/index.php\/wp-json\/wp\/v2\/pages\/9\/revisions\/267"}],"wp:featuredmedia":[{"embeddable":true,"href":"https:\/\/botanikakft.hu\/index.php\/wp-json\/wp\/v2\/media\/112"}],"wp:attachment":[{"href":"https:\/\/botanikakft.hu\/index.php\/wp-json\/wp\/v2\/media?parent=9"}],"curies":[{"name":"wp","href":"https:\/\/api.w.org\/{rel}","templated":true}]}}